{"id":6,"date":"2026-02-23T14:47:21","date_gmt":"2026-02-23T14:47:21","guid":{"rendered":"https:\/\/fiscoria.ma\/?page_id=6"},"modified":"2026-04-15T15:04:38","modified_gmt":"2026-04-15T15:04:38","slug":"home","status":"publish","type":"page","link":"https:\/\/fiscoria.ma\/","title":{"rendered":"home"},"content":{"rendered":"\t\t<div data-elementor-type=\"wp-page\" data-elementor-id=\"6\" class=\"elementor elementor-6\">\n\t\t\t\t<div class=\"elementor-element elementor-element-1afc752 e-con-full e-flex e-con e-parent\" data-id=\"1afc752\" data-element_type=\"container\" data-e-type=\"container\">\n\t\t\t\t<div class=\"elementor-element elementor-element-e7d17eb elementor-widget elementor-widget-html\" data-id=\"e7d17eb\" data-element_type=\"widget\" data-e-type=\"widget\" data-widget_type=\"html.default\">\n\t\t\t\t\t<!DOCTYPE html>\r\n<html lang=\"fr\">\r\n<head>\r\n    <meta charset=\"UTF-8\">\r\n    <meta name=\"viewport\" content=\"width=device-width, initial-scale=1.0\">\r\n    <title>FISCORIA - Expertise & Outsourcing<\/title>\r\n    <script src=\"https:\/\/cdn.tailwindcss.com\"><\/script>\r\n    <link href=\"https:\/\/fonts.googleapis.com\/css2?family=Playfair+Display:ital,wght@0,400;0,600;0,700;1,400&family=Lato:wght@300;400;700&display=swap\" rel=\"stylesheet\">\r\n    <script>\r\n        tailwind.config = {\r\n            theme: {\r\n                extend: {\r\n                    colors: {\r\n                        fiscoria: {\r\n                            dark: '#3E3D3D',    \/* Gris Anthracite du logo *\/\r\n                            primary: '#E65100', \/* Orange du logo *\/\r\n                            light: '#FFF5F0',   \/* Teinte orange tr\u00e8s claire pour les fonds *\/\r\n                            text: '#3E3D3D'     \/* Utilisation du gris pour le texte *\/\r\n                        }\r\n                    },\r\n                    fontFamily: {\r\n                        serif: ['\"Playfair Display\"', 'serif'],\r\n                        sans: ['\"Lato\"', 'sans-serif'],\r\n                    },\r\n                    borderRadius: {\r\n                        '4xl': '2rem',\r\n                    }\r\n                }\r\n            }\r\n        }\r\n    <\/script>\r\n    <style>\r\n        .wave-container {\r\n            position: absolute;\r\n            bottom: -1px;\r\n            left: 0;\r\n            width: 100%;\r\n            overflow: hidden;\r\n            line-height: 0;\r\n        }\r\n        .wave-container svg {\r\n            position: relative;\r\n            display: block;\r\n            width: calc(138% + 1.3px);\r\n            height: 120px;\r\n        }\r\n        .image-card-overlap {\r\n            box-shadow: 0 20px 25px -5px rgba(0, 0, 0, 0.1), 0 10px 10px -5px rgba(0, 0, 0, 0.04);\r\n        }\r\n    <\/style>\r\n<\/head>\r\n<body class=\"font-sans text-fiscoria-text bg-white antialiased\">\r\n\r\n    <header class=\"relative bg-fiscoria-dark text-white pt-6 pb-48 overflow-hidden\">\r\n        <div class=\"absolute inset-0 opacity-30\">\r\n            <img decoding=\"async\" src=\"https:\/\/images.unsplash.com\/photo-1497366216548-37526070297c?ixlib=rb-1.2.1&auto=format&fit=crop&w=1950&q=80\" alt=\"Background\" class=\"w-full h-full object-cover\">\r\n        <\/div>\r\n\r\n        <div class=\"relative z-10 container mx-auto px-6 grid grid-cols-1 lg:grid-cols-2 gap-12 items-center\">\r\n            <div>\r\n                <span class=\"text-fiscoria-primary font-bold tracking-wider text-xs uppercase mb-2 block\">Offre Globale & S\u00e9curis\u00e9e<\/span>\r\n                <h1 class=\"text-4xl md:text-6xl font-serif font-bold leading-tight mb-6\">\r\n                    L\u2019expertise au service \r\n                    <span class=\"italic font-light text-orange-200\">de votre performance,<\/span> \r\n                    <span class=\"block text-2xl md:text-[1.7rem] font-serif font-bold mt-2 text-white opacity-90\">\r\n                        dans un environnement ma\u00eetris\u00e9 et s\u00e9curis\u00e9.\r\n                    <\/span>\r\n                <\/h1>\r\n                <p class=\"text-slate-300 mb-8 text-lg max-w-lg leading-relaxed text-justify\">\r\n                    Audit, conseil & outsourcing strat\u00e9gique.\r\n                    Transformez vos obligations en v\u00e9ritables leviers de croissance et de performance durable.\r\n                <\/p>\r\n                \r\n                <div class=\"inline-flex items-center bg-white\/10 backdrop-blur-md border border-white\/20 rounded-full p-2 pr-8 gap-4\">\r\n                    <div class=\"bg-fiscoria-primary text-white p-3 rounded-full\">\r\n                        <svg xmlns=\"http:\/\/www.w3.org\/2000\/svg\" class=\"h-6 w-6\" fill=\"none\" viewBox=\"0 0 24 24\" stroke=\"currentColor\">\r\n                            <path stroke-linecap=\"round\" stroke-linejoin=\"round\" stroke-width=\"2\" d=\"M9 12l2 2 4-4m6 2a9 9 0 11-18 0 9 9 0 0118 0z\" \/>\r\n                        <\/svg>\r\n                    <\/div>\r\n                    <div>\r\n                        <span class=\"font-bold text-white\">Partenaire Strat\u00e9gique<\/span>\r\n                    <\/div>\r\n                <\/div>\r\n            <\/div>\r\n            \r\n            <div class=\"relative hidden lg:block\">\r\n                <div class=\"absolute -inset-4 bg-fiscoria-primary\/20 rounded-[3rem] transform rotate-3\"><\/div>\r\n                <img decoding=\"async\" src=\"https:\/\/fiscoria.ma\/wp-content\/uploads\/2026\/04\/hero.png\" alt=\"Meeting Casablanca\" class=\"relative rounded-[3rem] shadow-2xl border-4 border-white\/10 w-full object-cover h-[450px]\">\r\n            <\/div>\r\n        <\/div>\r\n\r\n        <div class=\"wave-container\">\r\n            <svg data-name=\"Layer 1\" xmlns=\"http:\/\/www.w3.org\/2000\/svg\" viewBox=\"0 0 1200 120\" preserveAspectRatio=\"none\">\r\n                <path d=\"M321.39,56.44c58-10.79,114.16-30.13,172-41.86,82.39-16.72,168.19-17.73,250.45-.39C823.78,31,906.67,72,985.66,92.83c70.05,18.48,146.53,26.09,214.34,3V0H0V27.35A600.21,600.21,0,0,0,321.39,56.44Z\" fill=\"#ffffff\"><\/path>\r\n            <\/svg>\r\n        <\/div>\r\n    <\/header>\r\n\r\n    <section class=\"py-20 bg-white relative\">\r\n        <div class=\"container mx-auto px-6\">\r\n            <div class=\"grid grid-cols-1 lg:grid-cols-2 gap-16 items-center\">\r\n                \r\n                <div class=\"relative\">\r\n                    <img decoding=\"async\" src=\"https:\/\/fiscoria.ma\/wp-content\/uploads\/2026\/04\/Test-Marketing.jpeg\" alt=\"Office\" class=\"w-3\/4 rounded-[3rem] shadow-xl\">\r\n                    \r\n                    <div class=\"absolute bottom-10 right-0 w-1\/2 border-8 border-white rounded-[2rem] shadow-2xl overflow-hidden\">\r\n                        <img decoding=\"async\" src=\"https:\/\/images.unsplash.com\/photo-1600880292203-757bb62b4baf?ixlib=rb-1.2.1&auto=format&fit=crop&w=500&q=80\" alt=\"Discussion\" class=\"w-full h-full object-cover\">\r\n                    <\/div>\r\n                <\/div>\r\n\r\n                <div>\r\n                    <span class=\"text-fiscoria-primary font-bold uppercase tracking-widest text-sm mb-2 block\">\u00c0 PROPOS DE FISCORIA<\/span>\r\n                    <h2 class=\"text-4xl font-serif font-bold text-fiscoria-dark mb-6\">\r\n                        Nous vous aidons \u00e0 piloter<br>votre performance.\r\n                    <\/h2>\r\n                    <p class=\"text-slate-600 mb-6 leading-relaxed text-justify\">\r\n                        Dans un environnement \u00e9conomique et r\u00e9glementaire exigeant, FISCORIA accompagne les dirigeants avec rigueur et engagement. \r\n                        Cabinet d'expertise comptable, fiscale, sociale et de conseil, nous s\u00e9curisons vos obligations, optimisons vos d\u00e9cisions et pilotons durablement votre performance.\r\n                    <\/p>\r\n                  \r\n                    <div class=\"bg-fiscoria-light p-6 rounded-[2rem] flex flex-col sm:flex-row items-center justify-between gap-4 border border-orange-100\">\r\n                        <div class=\"flex items-center gap-4\">\r\n                            <div class=\"w-12 h-12 bg-fiscoria-primary\/20 rounded-full flex items-center justify-center text-fiscoria-primary\">\r\n                                <svg class=\"w-6 h-6\" fill=\"none\" stroke=\"currentColor\" viewBox=\"0 0 24 24\"><path stroke-linecap=\"round\" stroke-linejoin=\"round\" stroke-width=\"2\" d=\"M3 5a2 2 0 012-2h3.28a1 1 0 01.948.684l1.498 4.493a1 1 0 01-.502 1.21l-2.257 1.13a11.042 11.042 0 005.516 5.516l1.13-2.257a1 1 0 011.21-.502l4.493 1.498a1 1 0 01.684.949V19a2 2 0 01-2 2h-1C9.716 21 3 14.284 3 6V5z\"\/><\/svg>\r\n                            <\/div>\r\n                            <div>\r\n                                <p class=\"text-xs text-slate-500 uppercase font-bold\">Pour un diagnostic<\/p>\r\n                                <p class=\"text-xl font-serif font-bold text-fiscoria-dark\">+212 5 22 00 00 00<\/p>\r\n                            <\/div>\r\n                        <\/div>\r\n                        <a href=\"https:\/\/fiscoria.ma\/index.php\/contact\/\" class=\"bg-fiscoria-primary text-white px-8 py-3 rounded-full font-bold hover:bg-fiscoria-dark transition shadow-md\">CONTACT<\/a>\r\n                    <\/div>\r\n                <\/div>\r\n            <\/div>\r\n        <\/div>\r\n    <\/section>\r\n\r\n    <section class=\"py-24 bg-slate-50 relative\">\r\n        <div class=\"container mx-auto px-6\">\r\n            <div class=\"text-center mb-16\">\r\n                <span class=\"text-fiscoria-primary font-bold uppercase tracking-widest text-sm\">NOS EXPERTISES<\/span>\r\n                <h2 class=\"text-4xl font-serif font-bold text-fiscoria-dark mt-2\">Services \u00e0 Haute Valeur Ajout\u00e9e<\/h2>\r\n                <div class=\"w-24 h-1 bg-fiscoria-primary mx-auto mt-6 rounded-full\"><\/div>\r\n            <\/div>\r\n\r\n            <div class=\"grid grid-cols-1 md:grid-cols-3 gap-8\">\r\n                <div class=\"group bg-white rounded-[2.5rem] p-4 shadow-xl hover:shadow-2xl transition duration-300 transform hover:-translate-y-2 relative overflow-hidden\">\r\n                    <div class=\"relative h-64 rounded-[2rem] overflow-hidden\">\r\n                        <img decoding=\"async\" src=\"https:\/\/fiscoria.ma\/wp-content\/uploads\/2026\/04\/developers1.jpeg\" alt=\"Outsourcing\" class=\"w-full h-full object-cover group-hover:scale-110 transition duration-700\">\r\n                    <\/div>\r\n                    <div class=\"p-6 text-center\">\r\n                        <h3 class=\"text-2xl font-serif font-bold text-fiscoria-dark mb-3\">Outsourcing Global<\/h3>\r\n                        <p class=\"text-slate-500 text-sm mb-6 line-clamp-3\">\r\n                             Offre int\u00e9gr\u00e9e d'outsourcing comptable, fiscal, administratif et RH. Recentrez-vous sur votre c\u0153ur de m\u00e9tier.\r\n                        <\/p>\r\n                        <a href=\"https:\/\/fiscoria.ma\/index.php\/outsourcing\/\" class=\"inline-block text-fiscoria-primary font-bold border-b-2 border-fiscoria-primary pb-1 hover:text-fiscoria-dark hover:border-fiscoria-dark transition\">D\u00e9couvrir l'offre<\/a>\r\n                    <\/div>\r\n                <\/div>\r\n\r\n                <div class=\"group bg-white rounded-[2.5rem] p-4 shadow-xl hover:shadow-2xl transition duration-300 transform hover:-translate-y-2 relative overflow-hidden\">\r\n                    <div class=\"relative h-64 rounded-[2rem] overflow-hidden\">\r\n                        <img decoding=\"async\" src=\"https:\/\/fiscoria.ma\/wp-content\/uploads\/2026\/04\/ma1.jpeg\" alt=\"Fiscalit\u00e9\" class=\"w-full h-full object-cover object-top group-hover:scale-110 transition duration-700\">\r\n                    <\/div>\r\n                    <div class=\"p-6 text-center\">\r\n                        <h3 class=\"text-2xl font-serif font-bold text-fiscoria-dark mb-3\">Fiscalit\u00e9 & Conseil<\/h3>\r\n                        <p class=\"text-slate-500 text-sm mb-6 line-clamp-3\">\r\n                             Gestion d\u00e9clarative, conseil permanent et optimisation fiscale responsable. S\u00e9curisez vos relations avec l'administration.\r\n                        <\/p>\r\n                        <a href=\"https:\/\/fiscoria.ma\/index.php\/outsourcing\/\" class=\"inline-block text-fiscoria-primary font-bold border-b-2 border-fiscoria-primary pb-1 hover:text-fiscoria-dark hover:border-fiscoria-dark transition\">En savoir plus<\/a>\r\n                    <\/div>\r\n                <\/div>\r\n\r\n                <div class=\"group bg-white rounded-[2.5rem] p-4 shadow-xl hover:shadow-2xl transition duration-300 transform hover:-translate-y-2 relative overflow-hidden\">\r\n                    <div class=\"relative h-64 rounded-[2rem] overflow-hidden\">\r\n                        <img decoding=\"async\" src=\"https:\/\/fiscoria.ma\/wp-content\/uploads\/2026\/04\/Gemini_Generated_Image_kpgwskkpgwskkpgw.png\" alt=\"RH\" class=\"w-full h-full object-cover group-hover:scale-110 transition duration-700\">\r\n                    <\/div>\r\n                    <div class=\"p-6 text-center\">\r\n                        <h3 class=\"text-2xl font-serif font-bold text-fiscoria-dark mb-3\">RH & Audit<\/h3>\r\n                        <p class=\"text-slate-500 text-sm mb-6 line-clamp-3\">\r\n                            Audit financier et strat\u00e9gique.  Gestion sociale et externalisation paie pour plus de s\u00e9r\u00e9nit\u00e9.\r\n                        <\/p>\r\n                        <a href=\"https:\/\/fiscoria.ma\/index.php\/outsourcing\/\" class=\"inline-block text-fiscoria-primary font-bold border-b-2 border-fiscoria-primary pb-1 hover:text-fiscoria-dark hover:border-fiscoria-dark transition\">Nos solutions<\/a>\r\n                    <\/div>\r\n                <\/div>\r\n            <\/div>\r\n        <\/div>\r\n    <\/section>\r\n\r\n<\/body>\r\n<\/html>\t\t\t\t<\/div>\n\t\t\t\t<\/div>\n\t\t\t\t<\/div>\n\t\t","protected":false},"excerpt":{"rendered":"<p>FISCORIA &#8211; Expertise &#038; Outsourcing Offre Globale &#038; S\u00e9curis\u00e9e L\u2019expertise au service de votre performance, dans un environnement ma\u00eetris\u00e9 et s\u00e9curis\u00e9. Audit, conseil &#038; outsourcing strat\u00e9gique. Transformez vos obligations en v\u00e9ritables leviers de croissance et de performance durable. Partenaire Strat\u00e9gique \u00c0 PROPOS DE FISCORIA Nous vous aidons \u00e0 pilotervotre performance. Dans un environnement \u00e9conomique et [&hellip;]<\/p>\n","protected":false},"author":1,"featured_media":0,"parent":0,"menu_order":0,"comment_status":"closed","ping_status":"closed","template":"","meta":{"footnotes":""},"class_list":["post-6","page","type-page","status-publish","hentry"],"_links":{"self":[{"href":"https:\/\/fiscoria.ma\/index.php\/wp-json\/wp\/v2\/pages\/6","targetHints":{"allow":["GET"]}}],"collection":[{"href":"https:\/\/fiscoria.ma\/index.php\/wp-json\/wp\/v2\/pages"}],"about":[{"href":"https:\/\/fiscoria.ma\/index.php\/wp-json\/wp\/v2\/types\/page"}],"author":[{"embeddable":true,"href":"https:\/\/fiscoria.ma\/index.php\/wp-json\/wp\/v2\/users\/1"}],"replies":[{"embeddable":true,"href":"https:\/\/fiscoria.ma\/index.php\/wp-json\/wp\/v2\/comments?post=6"}],"version-history":[{"count":106,"href":"https:\/\/fiscoria.ma\/index.php\/wp-json\/wp\/v2\/pages\/6\/revisions"}],"predecessor-version":[{"id":851,"href":"https:\/\/fiscoria.ma\/index.php\/wp-json\/wp\/v2\/pages\/6\/revisions\/851"}],"wp:attachment":[{"href":"https:\/\/fiscoria.ma\/index.php\/wp-json\/wp\/v2\/media?parent=6"}],"curies":[{"name":"wp","href":"https:\/\/api.w.org\/{rel}","templated":true}]}}